{"id":1669,"date":"2023-01-29T17:02:21","date_gmt":"2023-01-29T17:02:21","guid":{"rendered":"https:\/\/www.schattengrenzen.de\/?page_id=1669"},"modified":"2024-04-10T12:57:49","modified_gmt":"2024-04-10T12:57:49","slug":"kugelkoepfe","status":"publish","type":"page","link":"https:\/\/www.schattengrenzen.de\/?page_id=1669","title":{"rendered":"Kugelk\u00f6pfe"},"content":{"rendered":"<p>Kugelk\u00f6pfe sind eine ganz besondere Spezialit\u00e4t &#8230;<\/p>\n<figure id=\"attachment_1744\" aria-describedby=\"caption-attachment-1744\" style=\"width: 212px\" class=\"wp-caption alignleft\"><img loading=\"lazy\" decoding=\"async\" class=\"size-medium wp-image-1744\" src=\"https:\/\/www.schattengrenzen.de\/wp-content\/uploads\/2024\/04\/Eule-Krissi-212x300.jpg\" alt=\"\" width=\"212\" height=\"300\" srcset=\"https:\/\/www.schattengrenzen.de\/wp-content\/uploads\/2024\/04\/Eule-Krissi-212x300.jpg 212w, https:\/\/www.schattengrenzen.de\/wp-content\/uploads\/2024\/04\/Eule-Krissi-724x1024.jpg 724w, https:\/\/www.schattengrenzen.de\/wp-content\/uploads\/2024\/04\/Eule-Krissi-768x1086.jpg 768w, https:\/\/www.schattengrenzen.de\/wp-content\/uploads\/2024\/04\/Eule-Krissi-1086x1536.jpg 1086w, https:\/\/www.schattengrenzen.de\/wp-content\/uploads\/2024\/04\/Eule-Krissi-1448x2048.jpg 1448w, https:\/\/www.schattengrenzen.de\/wp-content\/uploads\/2024\/04\/Eule-Krissi-300x424.jpg 300w, https:\/\/www.schattengrenzen.de\/wp-content\/uploads\/2024\/04\/Eule-Krissi-850x1202.jpg 850w, https:\/\/www.schattengrenzen.de\/wp-content\/uploads\/2024\/04\/Eule-Krissi-scaled.jpg 1810w\" sizes=\"auto, (max-width: 212px) 100vw, 212px\" \/><figcaption id=\"caption-attachment-1744\" class=\"wp-caption-text\">Eule Krissi 2022<\/figcaption><\/figure>\n<figure id=\"attachment_1746\" aria-describedby=\"caption-attachment-1746\" style=\"width: 212px\" class=\"wp-caption alignleft\"><img loading=\"lazy\" decoding=\"async\" class=\"size-medium wp-image-1746\" src=\"https:\/\/www.schattengrenzen.de\/wp-content\/uploads\/2024\/04\/Kugelkop-Petra-212x300.jpg\" alt=\"\" width=\"212\" height=\"300\" srcset=\"https:\/\/www.schattengrenzen.de\/wp-content\/uploads\/2024\/04\/Kugelkop-Petra-212x300.jpg 212w, https:\/\/www.schattengrenzen.de\/wp-content\/uploads\/2024\/04\/Kugelkop-Petra-724x1024.jpg 724w, https:\/\/www.schattengrenzen.de\/wp-content\/uploads\/2024\/04\/Kugelkop-Petra-768x1086.jpg 768w, https:\/\/www.schattengrenzen.de\/wp-content\/uploads\/2024\/04\/Kugelkop-Petra-1086x1536.jpg 1086w, https:\/\/www.schattengrenzen.de\/wp-content\/uploads\/2024\/04\/Kugelkop-Petra-1448x2048.jpg 1448w, https:\/\/www.schattengrenzen.de\/wp-content\/uploads\/2024\/04\/Kugelkop-Petra-300x424.jpg 300w, https:\/\/www.schattengrenzen.de\/wp-content\/uploads\/2024\/04\/Kugelkop-Petra-850x1202.jpg 850w, https:\/\/www.schattengrenzen.de\/wp-content\/uploads\/2024\/04\/Kugelkop-Petra-scaled.jpg 1810w\" sizes=\"auto, (max-width: 212px) 100vw, 212px\" \/><figcaption id=\"caption-attachment-1746\" class=\"wp-caption-text\">Kugelkopf Petra<\/figcaption><\/figure>\n<figure id=\"attachment_1747\" aria-describedby=\"caption-attachment-1747\" style=\"width: 210px\" class=\"wp-caption alignleft\"><img loading=\"lazy\" decoding=\"async\" class=\"size-medium wp-image-1747\" src=\"https:\/\/www.schattengrenzen.de\/wp-content\/uploads\/2024\/04\/Kugelkopf-210x300.jpg\" alt=\"\" width=\"210\" height=\"300\" srcset=\"https:\/\/www.schattengrenzen.de\/wp-content\/uploads\/2024\/04\/Kugelkopf-210x300.jpg 210w, https:\/\/www.schattengrenzen.de\/wp-content\/uploads\/2024\/04\/Kugelkopf-718x1024.jpg 718w, https:\/\/www.schattengrenzen.de\/wp-content\/uploads\/2024\/04\/Kugelkopf-768x1095.jpg 768w, https:\/\/www.schattengrenzen.de\/wp-content\/uploads\/2024\/04\/Kugelkopf-1077x1536.jpg 1077w, https:\/\/www.schattengrenzen.de\/wp-content\/uploads\/2024\/04\/Kugelkopf-1436x2048.jpg 1436w, https:\/\/www.schattengrenzen.de\/wp-content\/uploads\/2024\/04\/Kugelkopf-300x428.jpg 300w, https:\/\/www.schattengrenzen.de\/wp-content\/uploads\/2024\/04\/Kugelkopf-850x1212.jpg 850w, https:\/\/www.schattengrenzen.de\/wp-content\/uploads\/2024\/04\/Kugelkopf-scaled.jpg 1795w\" sizes=\"auto, (max-width: 210px) 100vw, 210px\" \/><figcaption id=\"caption-attachment-1747\" class=\"wp-caption-text\">Kugelkopf MZ<\/figcaption><\/figure>\n","protected":false},"excerpt":{"rendered":"<p>Kugelk\u00f6pfe sind eine ganz besondere Spezialit\u00e4t &#8230;<\/p>\n","protected":false},"author":1,"featured_media":0,"parent":1645,"menu_order":4,"comment_status":"closed","ping_status":"closed","template":"","meta":{"footnotes":""},"class_list":["post-1669","page","type-page","status-publish","hentry"],"jetpack_sharing_enabled":true,"_links":{"self":[{"href":"https:\/\/www.schattengrenzen.de\/index.php?rest_route=\/wp\/v2\/pages\/1669","targetHints":{"allow":["GET"]}}],"collection":[{"href":"https:\/\/www.schattengrenzen.de\/index.php?rest_route=\/wp\/v2\/pages"}],"about":[{"href":"https:\/\/www.schattengrenzen.de\/index.php?rest_route=\/wp\/v2\/types\/page"}],"author":[{"embeddable":true,"href":"https:\/\/www.schattengrenzen.de\/index.php?rest_route=\/wp\/v2\/users\/1"}],"replies":[{"embeddable":true,"href":"https:\/\/www.schattengrenzen.de\/index.php?rest_route=%2Fwp%2Fv2%2Fcomments&post=1669"}],"version-history":[{"count":3,"href":"https:\/\/www.schattengrenzen.de\/index.php?rest_route=\/wp\/v2\/pages\/1669\/revisions"}],"predecessor-version":[{"id":1748,"href":"https:\/\/www.schattengrenzen.de\/index.php?rest_route=\/wp\/v2\/pages\/1669\/revisions\/1748"}],"up":[{"embeddable":true,"href":"https:\/\/www.schattengrenzen.de\/index.php?rest_route=\/wp\/v2\/pages\/1645"}],"wp:attachment":[{"href":"https:\/\/www.schattengrenzen.de\/index.php?rest_route=%2Fwp%2Fv2%2Fmedia&parent=1669"}],"curies":[{"name":"wp","href":"https:\/\/api.w.org\/{rel}","templated":true}]}}