{"id":1196,"date":"2018-03-30T17:17:54","date_gmt":"2018-03-30T17:17:54","guid":{"rendered":"http:\/\/blog.schattengrenzen.de\/?page_id=1196"},"modified":"2023-10-15T07:43:13","modified_gmt":"2023-10-15T07:43:13","slug":"highlights-termine","status":"publish","type":"page","link":"https:\/\/www.schattengrenzen.de\/?page_id=1196","title":{"rendered":"Highlights &#038;  Termine"},"content":{"rendered":"<h3 style=\"text-align: center;\"><strong>*** Termine \/ Lesungen ***<br \/>\n<\/strong><\/h3>\n<p><strong>BuCon 2023<\/strong>, 21. Oktober 2023, 17:30 Uhr, B\u00fcrgerhaus Sprendlingen, Dreieich, Hinterausgang C2<br \/>\n&#8211; <strong><a href=\"https:\/\/www.buchmessecon.de\/index.php\/programm\/15-programm2023\/520-grenzgaenger\">Lesung: Grenzg\u00e4nger &#8211; Schattengrenzen 3<\/a><\/strong><\/p>\n<p><strong>QUEER gelesen 2023<\/strong>, 25. November 2023, Bar jeder Sicht, Hintere Bleiche 29, 55116 Mainz<br \/>\n&#8211; Lesung: Anthologie &#8220;Beweisst\u00fcck A&#8221; und &#8220;Grenzg\u00e4nger&#8221;<\/p>\n<p><strong>Weihnerdsmarkt<\/strong>, 03. Dezember 2023, Hermann-Neuberger-Halle, Stadionstra\u00dfe, 66333 V\u00f6lklingen<br \/>\n&#8211; Lesung: Wie ein Bunter Traum &#8211; Teenie-Tr\u00e4ume<\/p>\n<h3 style=\"text-align: center;\"><strong>*** Rezensionen ***<br \/>\n<\/strong><\/h3>\n<h4><a href=\"https:\/\/www.schattengrenzen.de\/?page_id=1158\"><span style=\"text-decoration: underline; color: #000000;\"><strong>Glasseelen<\/strong><\/span><\/a><\/h4>\n<p><strong>Onlinemagazine<\/strong><br \/>\n<a href=\"https:\/\/www.zauberwelten-online.de\/Artikel\/Glasseelen-Schattengrenzen-1,658\" target=\"_blank\" rel=\"noopener noreferrer\">Zauberwelten Online<\/a> &#8211; Rezensentin Tara Flink<br \/>\n<strong>Magazine<\/strong><br \/>\n<a href=\"https:\/\/www.dropbox.com\/s\/oyd0ziouq7mxuws\/Orcus%20November%202017.pdf?dl=0\" target=\"_blank\" rel=\"noopener noreferrer\">Orcus Ausgabe November 2017<\/a> &#8211; Heinrich Zeschner<br \/>\n<a href=\"https:\/\/www.dropbox.com\/s\/tyba6mvb112znx8\/Sonic%20Seducer%20Dezember%202017.pdf?dl=0\" target=\"_blank\" rel=\"noopener noreferrer\">Sonic Seducer Ausgabe Dezember 2017<\/a>\u00a0&#8211; Jasmin Froghy<br \/>\n<strong>Amazon 5*****<\/strong><br \/>\n<span class=\"a-size-base a-color-secondary review-byline\" data-hook=\"review-author\"><a href=\"https:\/\/www.amazon.de\/gp\/customer-reviews\/R2GDPPO2QJW55Z\/ref=cm_cr_getr_d_rvw_ttl?ie=UTF8&amp;ASIN=B0784DS6PJ\" target=\"_blank\" rel=\"noopener noreferrer\">Kitty411<\/a><br \/>\n<a href=\"https:\/\/www.amazon.de\/gp\/customer-reviews\/R2TV4XGAFHIFGE\/ref=cm_cr_arp_d_rvw_ttl?ie=UTF8&amp;ASIN=B0784DS6PJ\" target=\"_blank\" rel=\"noopener noreferrer\">Meduza<\/a><br \/>\n<a href=\"https:\/\/www.amazon.de\/gp\/customer-reviews\/R8I0TVT9EXKLV\/ref=cm_cr_arp_d_rvw_ttl?ie=UTF8&amp;ASIN=9963722407\" target=\"_blank\" rel=\"noopener noreferrer\">Amazon Customer<\/a><br \/>\n<a href=\"https:\/\/www.amazon.de\/gp\/customer-reviews\/RUN4RIUJH3M6P\/ref=cm_cr_arp_d_rvw_ttl?ie=UTF8&amp;ASIN=9963722407\" target=\"_blank\" rel=\"noopener noreferrer\">Volkmar Kuhnle<\/a><br \/>\n<a href=\"https:\/\/www.amazon.de\/gp\/customer-reviews\/R2VU0VDFH1DJBV\/ref=cm_cr_arp_d_rvw_ttl?ie=UTF8&amp;ASIN=9963722407\" target=\"_blank\" rel=\"noopener noreferrer\">Nadine&#8217;s bunte B\u00fccherwelt<\/a><br \/>\n<a href=\"https:\/\/www.amazon.de\/gp\/customer-reviews\/R34QRFBTZ3R0VQ\/ref=cm_cr_arp_d_rvw_ttl?ie=UTF8&amp;ASIN=9963722407\" target=\"_blank\" rel=\"noopener noreferrer\">Manjas Buchregal<\/a><br \/>\n<a href=\"https:\/\/www.amazon.de\/gp\/customer-reviews\/R2PD26M88KMO0I\/ref=cm_cr_arp_d_rvw_ttl?ie=UTF8&amp;ASIN=9963722407\" target=\"_blank\" rel=\"noopener noreferrer\">B\u00fccherw\u00fcrmchenswelt<\/a><br \/>\n<a href=\"https:\/\/www.amazon.de\/gp\/customer-reviews\/R31R82DYQ3ZTGE\/ref=cm_cr_arp_d_rvw_ttl?ie=UTF8&amp;ASIN=9963722407\" target=\"_blank\" rel=\"noopener noreferrer\">Jeanette Lube<\/a><br \/>\n<a href=\"https:\/\/www.amazon.de\/gp\/customer-reviews\/RYEKX52WQNACE\/ref=cm_cr_arp_d_rvw_ttl?ie=UTF8&amp;ASIN=9963722407\" target=\"_blank\" rel=\"noopener noreferrer\">Cat von Bones<\/a><br \/>\n<a href=\"https:\/\/www.amazon.de\/gp\/customer-reviews\/R25CRMHEV8VLH8\/ref=cm_cr_arp_d_rvw_ttl?ie=UTF8&amp;ASIN=9963722407\" target=\"_blank\" rel=\"noopener noreferrer\">Dana<\/a><br \/>\n<a href=\"https:\/\/www.amazon.de\/gp\/customer-reviews\/R26QJRCQYR9HI7\/ref=cm_cr_getr_d_rvw_ttl?ie=UTF8&amp;ASIN=9963722407\" target=\"_blank\" rel=\"noopener noreferrer\">B\u00fccherwesen.de<\/a><br \/>\n<a href=\"https:\/\/www.amazon.de\/gp\/customer-reviews\/R1JHKLX6LSPJAF\/ref=cm_cr_getr_d_rvw_ttl?ie=UTF8&amp;ASIN=9963722407\" target=\"_blank\" rel=\"noopener noreferrer\">Likiwing<\/a><br \/>\n<a href=\"https:\/\/www.amazon.de\/gp\/customer-reviews\/R3K3AG0R3EIWNH\/ref=cm_cr_getr_d_rvw_ttl?ie=UTF8&amp;ASIN=9963722407\" target=\"_blank\" rel=\"noopener noreferrer\">L.A.<\/a><br \/>\n<a href=\"https:\/\/www.amazon.de\/gp\/customer-reviews\/RGYUULDPREZF9\/ref=cm_cr_getr_d_rvw_ttl?ie=UTF8&amp;ASIN=9963722407\" target=\"_blank\" rel=\"noopener noreferrer\">Customer<\/a><br \/>\n<a href=\"https:\/\/www.amazon.de\/gp\/customer-reviews\/R31L2MRGIQT69E\/ref=cm_cr_getr_d_rvw_ttl?ie=UTF8&amp;ASIN=9963722407\" target=\"_blank\" rel=\"noopener noreferrer\">Gabriele Tinney<\/a><br \/>\n<a href=\"https:\/\/www.amazon.de\/gp\/customer-reviews\/R1SKDSMQD3NJO4\/ref=cm_cr_getr_d_rvw_ttl?ie=UTF8&amp;ASIN=9963722407\" target=\"_blank\" rel=\"noopener noreferrer\">Anna Maske<\/a><br \/>\n<a href=\"https:\/\/www.amazon.de\/gp\/customer-reviews\/R2SUEW9SOQUBTW\/ref=cm_cr_getr_d_rvw_ttl?ie=UTF8&amp;ASIN=B0784DS6PJ\" target=\"_blank\" rel=\"noopener noreferrer\">XXX<\/a><br \/>\n<a href=\"https:\/\/www.amazon.de\/gp\/customer-reviews\/RYYCVFTKWHEAD\/ref=cm_cr_getr_d_rvw_ttl?ie=UTF8&amp;ASIN=B0784DS6PJ\" target=\"_blank\" rel=\"noopener noreferrer\">Sabine Creutz von Daisyandbooks<\/a><br \/>\n<strong>4 Sterne****<\/strong><br \/>\n<a href=\"https:\/\/www.amazon.de\/gp\/customer-reviews\/RQM6GQWJHRP8L\/ref=cm_cr_getr_d_rvw_ttl?ie=UTF8&amp;ASIN=B0784DS6PJ\" target=\"_blank\" rel=\"noopener noreferrer\">Regina L.<\/a><br \/>\n<a href=\"https:\/\/www.amazon.de\/gp\/customer-reviews\/R34XY75A6MZCNB\/ref=cm_cr_getr_d_rvw_ttl?ie=UTF8&amp;ASIN=B0784DS6PJ\" target=\"_blank\" rel=\"noopener noreferrer\">Yki<\/a><br \/>\n<a href=\"https:\/\/www.amazon.de\/gp\/customer-reviews\/R3T6WJSPEFB2GY\/ref=cm_cr_getr_d_rvw_ttl?ie=UTF8&amp;ASIN=B0784DS6PJ\" target=\"_blank\" rel=\"noopener noreferrer\">Angie<\/a><br \/>\n<a href=\"https:\/\/www.amazon.de\/gp\/customer-reviews\/R3GZHTJ8VX93G3\/ref=cm_cr_getr_d_rvw_ttl?ie=UTF8&amp;ASIN=B0784DS6PJ\" target=\"_blank\" rel=\"noopener noreferrer\">Eva<\/a><br \/>\n<a href=\"https:\/\/www.amazon.de\/gp\/customer-reviews\/R27SHZ2ARBD904\/ref=cm_cr_getr_d_rvw_ttl?ie=UTF8&amp;ASIN=B0784DS6PJ\" target=\"_blank\" rel=\"noopener noreferrer\">Selly<\/a><br \/>\n<a href=\"https:\/\/www.amazon.de\/gp\/customer-reviews\/R3Q9108A94UJF8\/ref=cm_cr_getr_d_rvw_ttl?ie=UTF8&amp;ASIN=B0784DS6PJ\" target=\"_blank\" rel=\"noopener noreferrer\">Andrea<\/a><br \/>\n<a href=\"https:\/\/www.amazon.de\/gp\/customer-reviews\/RM88MOH3G181E\/ref=cm_cr_getr_d_rvw_ttl?ie=UTF8&amp;ASIN=B0784DS6PJ\" target=\"_blank\" rel=\"noopener noreferrer\">Uwe Taechl<\/a><br \/>\n<a href=\"https:\/\/www.amazon.de\/gp\/customer-reviews\/R2WKQNCD1WV2GF\/ref=cm_cr_getr_d_rvw_ttl?ie=UTF8&amp;ASIN=B0784DS6PJ\" target=\"_blank\" rel=\"noopener noreferrer\">GaldursFrauchen<\/a><br \/>\n<a href=\"https:\/\/www.amazon.de\/gp\/customer-reviews\/R3TUBTTWX5X8OA\/ref=cm_cr_getr_d_rvw_ttl?ie=UTF8&amp;ASIN=B0784DS6PJ\" target=\"_blank\" rel=\"noopener noreferrer\">Melanie<\/a><br \/>\n<a href=\"https:\/\/www.amazon.de\/gp\/customer-reviews\/RLFE4FSB3IBQP\/ref=cm_cr_getr_d_rvw_ttl?ie=UTF8&amp;ASIN=B0784DS6PJ\" target=\"_blank\" rel=\"noopener noreferrer\">Cuddister<\/a><br \/>\n<a href=\"https:\/\/www.amazon.de\/gp\/customer-reviews\/RGXN78GO62N0M\/ref=cm_cr_getr_d_rvw_ttl?ie=UTF8&amp;ASIN=B0784DS6PJ\" target=\"_blank\" rel=\"noopener noreferrer\">Ka-Sa&#8217;s Buchfinder<\/a><br \/>\n<strong>3 Sterne***<\/strong><br \/>\n<a href=\"https:\/\/www.amazon.de\/gp\/customer-reviews\/R73XPZJCNIO5N\/ref=cm_cr_getr_d_rvw_ttl?ie=UTF8&amp;ASIN=B0784DS6PJ\" target=\"_blank\" rel=\"noopener noreferrer\">Si Mone<\/a><br \/>\n<a href=\"https:\/\/www.amazon.de\/gp\/customer-reviews\/R2ODIHALLZB9Z8\/ref=cm_cr_getr_d_rvw_ttl?ie=UTF8&amp;ASIN=B0784DS6PJ\" target=\"_blank\" rel=\"noopener noreferrer\">Cassiopeia<\/a><br \/>\n<strong>2 Sterne**<\/strong><br \/>\n<a href=\"https:\/\/www.amazon.de\/gp\/customer-reviews\/RX9XRDTMXEOH\/ref=cm_cr_getr_d_rvw_ttl?ie=UTF8&amp;ASIN=B0784DS6PJ\">PMelitaM<\/a><br \/>\n<a href=\"https:\/\/www.amazon.de\/gp\/customer-reviews\/R1PLA51X62DX62\/ref=cm_cr_getr_d_rvw_ttl?ie=UTF8&amp;ASIN=B0784DS6PJ\" target=\"_blank\" rel=\"noopener noreferrer\">Taya<\/a><br \/>\n<a href=\"https:\/\/www.amazon.de\/gp\/customer-reviews\/R1FODD1EPJCT1M\/ref=cm_cr_getr_d_rvw_ttl?ie=UTF8&amp;ASIN=B0784DS6PJ\" target=\"_blank\" rel=\"noopener noreferrer\">SPN4E<\/a><br \/>\n<a href=\"https:\/\/www.amazon.de\/gp\/customer-reviews\/R2F7ZXPK64YP4X\/ref=cm_cr_getr_d_rvw_ttl?ie=UTF8&amp;ASIN=B0784DS6PJ\" target=\"_blank\" rel=\"noopener noreferrer\">Liss &#8211; goood-reading.blogspot<\/a><br \/>\n<\/span><\/p>\n<h4><a href=\"https:\/\/www.schattengrenzen.de\/?page_id=1161\"><span style=\"text-decoration: underline;\"><span style=\"color: #000000;\"><strong>Die Seelenlosen<\/strong><\/span><\/span><\/a><\/h4>\n<p><strong>Onlinemagazine<br \/>\n<\/strong><a href=\"http:\/\/www.queer.de\/detail.php?article_id=26174\" target=\"_blank\" rel=\"noopener noreferrer\">QUEER.de<\/a> \u2013 Rezensent Frank Hebenstreit<br \/>\n<a href=\"http:\/\/www.inqueery.de\/kultur\/die-seelenlosen-mitten-im-steampunk\" target=\"_blank\" rel=\"noopener noreferrer\">Inqueery.de<\/a> \u2013 Rezensent Frank Hebenstreit<br \/>\n<a href=\"https:\/\/www.zauberwelten-online.de\/Artikel\/Seelenlosen-Die-Stadt-der-Maschinenmagie-1,378\" target=\"_blank\" rel=\"noopener noreferrer\">Zauberwelten <\/a>\u2013 Rezensentin Christina L\u00f6w<br \/>\n<strong>Blogs<br \/>\n<\/strong><a href=\"http:\/\/www.literatopia.de\/index.php?option=com_content&amp;view=article&amp;id=24115:die-stadt-der-maschinenmagie-die-seelenlosen-tanja-meurer&amp;catid=62&amp;Itemid=129\" target=\"_blank\" rel=\"noopener noreferrer\">Literatopia<\/a> \u2013 Judith Madera<br \/>\n<a href=\"https:\/\/likeagaydream.wordpress.com\/2016\/05\/03\/roman-die-seelenlosen-von-tanja-meurer\/\" target=\"_blank\" rel=\"noopener noreferrer\">Like a Dream<\/a> \u2013 Rezensentin Juliane Seidel<br \/>\n<a href=\"http:\/\/www.buecherwesen.de\/2016\/05\/die-seelenlosen-die-stadt-der.html\" target=\"_blank\" rel=\"noopener noreferrer\">B\u00fccherwesen <\/a>\u2013 Rezensent Michael Wastelhuber<br \/>\n<a href=\"http:\/\/www.phantastiknews.de\/index.php\/rezensionen\/11931-tanja-meurer-die-seelenlosen-die-stadt-der-maschinenmagie-1-buch\" target=\"_blank\" rel=\"noopener noreferrer\">Phantastik-News<\/a> \u2013 Rezensent Carsten Kuhr<br \/>\n<a href=\"http:\/\/www.pressenet.info\/pr-2015\/buchtipp\/rezension-tanja-meurer-die-seelenlosen.html\" target=\"_blank\" rel=\"noopener noreferrer\">Pressenet <\/a>\u2013 Rezensent Winfierd Brumma<br \/>\n<a href=\"http:\/\/julesbunteweltderbuecher.blogspot.de\/2016\/04\/die-seelenlosen-die-stadt-der.html\" target=\"_blank\" rel=\"noopener noreferrer\">Jules\u2018 bunte Welt der B\u00fccher<\/a> \u2013 Rezensent Jules Bauernfeind<br \/>\n<a href=\"https:\/\/kitty411buecherblog.wordpress.com\/2016\/03\/27\/rezension-zu-die-seelenlosen-stadt-der-maschinenmagie-1-von-tanja-meurer\/\" target=\"_blank\" rel=\"noopener noreferrer\">Kittys B\u00fccherblog<\/a> \u2013 Rezensentin Katharina Schardt<br \/>\n<a href=\"http:\/\/sanarkai-weltderbuecher.blogspot.de\/2016\/06\/rezension-tanja-meurer-die-seelenlosen.html\" target=\"_blank\" rel=\"noopener noreferrer\">Sarnakai \u2013 Welt der B\u00fccher<\/a> \u2013 Rezensentin Sabrina Pommer<br \/>\n<a href=\"http:\/\/claudiasbuecherwelt.blogspot.de\/2016\/04\/die-seelenlosen.html\" target=\"_blank\" rel=\"noopener noreferrer\">Claudias B\u00fccher-Welt<\/a> \u2013 Rezensentin Claudia S.<br \/>\n<a href=\"http:\/\/weltbuntmalendebuecher.blogspot.de\/2016\/07\/die-seelenlosen-von-tanya-meurer.html\" target=\"_blank\" rel=\"noopener noreferrer\">Weltbundmalende B\u00fccher<\/a> \u2013 J. Gaillard<br \/>\n<a href=\"http:\/\/tapsisbuchblog.blogspot.de\/2016\/04\/steampunk-meets-fantasywelt.html\" target=\"_blank\" rel=\"noopener noreferrer\">Tapsis B\u00fccherblog<\/a> \u2013 Denise<br \/>\n<strong>Amazon <\/strong><strong>5 Sterne *****<br \/>\n<\/strong><a href=\"https:\/\/www.amazon.de\/gp\/customer-reviews\/RZPRKJJ80GANQ\/ref=cm_cr_arp_d_rvw_ttl?ie=UTF8&amp;ASIN=B01MT6PCMS\">Amalias B\u00fcccherblog<\/a><strong><br \/>\n<\/strong><a href=\"https:\/\/www.amazon.de\/gp\/customer-reviews\/R19U3ROQLXGYIW\/ref=cm_cr_arp_d_rvw_ttl?ie=UTF8&amp;ASIN=3945569028\" target=\"_blank\" rel=\"noopener noreferrer\">Coala<br \/>\n<\/a><a href=\"https:\/\/www.amazon.de\/gp\/customer-reviews\/R2M0AKRCNUDIVX\/ref=cm_cr_arp_d_rvw_ttl?ie=UTF8&amp;ASIN=3945569028\" target=\"_blank\" rel=\"noopener noreferrer\">AmberStClair<br \/>\n<\/a><a href=\"https:\/\/www.amazon.de\/gp\/customer-reviews\/R1231APW65VQ9R\/ref=cm_cr_arp_d_rvw_ttl?ie=UTF8&amp;ASIN=B01MT6PCMS\">Jasmin Morawe<br \/>\n<\/a><a href=\"https:\/\/www.amazon.de\/gp\/customer-reviews\/R1CW92HPOXIWCZ\/ref=cm_cr_arp_d_rvw_ttl?ie=UTF8&amp;ASIN=3945569028\" target=\"_blank\" rel=\"noopener noreferrer\">Luna<br \/>\n<\/a><span class=\"a-size-base a-color-secondary review-byline\"><a href=\"https:\/\/www.amazon.de\/gp\/customer-reviews\/R1SJH1FDMB4UFW\/ref=cm_cr_getr_d_rvw_ttl?ie=UTF8&amp;ASIN=3945569028\" target=\"_blank\" rel=\"noopener noreferrer\">Bud1908<\/a><\/span><strong><span class=\"a-size-base a-color-secondary review-byline\"><a href=\"https:\/\/www.amazon.de\/gp\/customer-reviews\/R1SJH1FDMB4UFW\/ref=cm_cr_getr_d_rvw_ttl?ie=UTF8&amp;ASIN=3945569028\" target=\"_blank\" rel=\"noopener noreferrer\"><br \/>\n<\/a><\/span><\/strong><a href=\"http:\/\/www.amazon.de\/gp\/customer-reviews\/R3EN4GHPQJDC39\/ref=cm_cr_arp_d_rvw_ttl?ie=UTF8&amp;ASIN=B01D7XLY92\" target=\"_blank\" rel=\"noopener noreferrer\">Claudia<br \/>\n<\/a><a href=\"http:\/\/www.amazon.de\/gp\/customer-reviews\/RCXKV445GBP2Z\/ref=cm_cr_arp_d_rvw_ttl?ie=UTF8&amp;ASIN=B01D7XLY92\" target=\"_blank\" rel=\"noopener noreferrer\">Jamamashid<br \/>\n<\/a><a href=\"http:\/\/www.amazon.de\/gp\/customer-reviews\/R1LTKR1CNBNRW5\/ref=cm_cr_arp_d_rvw_ttl?ie=UTF8&amp;ASIN=B01D7XLY92\" target=\"_blank\" rel=\"noopener noreferrer\">Jana Klimke<br \/>\n<\/a><a href=\"http:\/\/www.amazon.de\/gp\/customer-reviews\/R1268UCE0USJA0\/ref=cm_cr_arp_d_rvw_ttl?ie=UTF8&amp;ASIN=B01D7XLY92\" target=\"_blank\" rel=\"noopener noreferrer\">Kitty411<br \/>\n<\/a><a href=\"http:\/\/www.amazon.de\/gp\/customer-reviews\/RXBKG6YBAZIKR\/ref=cm_cr_arp_d_rvw_ttl?ie=UTF8&amp;ASIN=B01D7XLY92\" target=\"_blank\" rel=\"noopener noreferrer\">Koriko<br \/>\n<\/a><a href=\"http:\/\/www.amazon.de\/gp\/customer-reviews\/R2AETWQTIUKVE9\/ref=cm_cr_arp_d_rvw_ttl?ie=UTF8&amp;ASIN=B01D7XLY92\" target=\"_blank\" rel=\"noopener noreferrer\">B\u00fccherwesen<br \/>\n<\/a><a href=\"https:\/\/www.amazon.de\/gp\/customer-reviews\/RYVDA0MGK7JW8\" target=\"_blank\" rel=\"noopener noreferrer\">Mamarna64<\/a><br \/>\n<strong>4 Sterne ****<br \/>\n<\/strong><a href=\"https:\/\/www.amazon.de\/gp\/customer-reviews\/R191KYFBJ8K074\/ref=cm_cr_arp_d_rvw_ttl?ie=UTF8&amp;ASIN=B01D7XLY92\">Eva<\/a><strong><br \/>\n<\/strong><a href=\"https:\/\/www.amazon.de\/gp\/customer-reviews\/R1NAG21ALR5W0P\/ref=cm_cr_arp_d_rvw_ttl?ie=UTF8&amp;ASIN=3945569028\" target=\"_blank\" rel=\"noopener noreferrer\">Cadness<br \/>\n<\/a><a href=\"https:\/\/www.amazon.de\/gp\/customer-reviews\/R3MMMCL32XJKWG\/ref=cm_cr_arp_d_rvw_ttl?ie=UTF8&amp;ASIN=3945569028\" target=\"_blank\" rel=\"noopener noreferrer\">LiberteToujours<\/a><br \/>\n<a href=\"https:\/\/www.amazon.de\/gp\/customer-reviews\/RBMTGN1JV13N1\/ref=cm_cr_arp_d_rvw_ttl?ie=UTF8&amp;ASIN=3945569028\" target=\"_blank\" rel=\"noopener noreferrer\">Buchkatze<\/a><strong><a href=\"https:\/\/www.amazon.de\/gp\/customer-reviews\/RBMTGN1JV13N1\/ref=cm_cr_arp_d_rvw_ttl?ie=UTF8&amp;ASIN=3945569028\" target=\"_blank\" rel=\"noopener noreferrer\"><br \/>\n<\/a><\/strong><a href=\"http:\/\/www.amazon.de\/gp\/customer-reviews\/R6I98N6RWC85Q\/ref=cm_cr_getr_d_rvw_ttl?ie=UTF8&amp;ASIN=B01D7XLY92\" target=\"_blank\" rel=\"noopener noreferrer\">Logan Lady<br \/>\n<\/a><a href=\"https:\/\/www.amazon.de\/gp\/customer-reviews\/R11F9MPILXXGMI\/ref=cm_cr_arp_d_rvw_ttl?ie=UTF8&amp;ASIN=3945569028\" target=\"_blank\" rel=\"noopener noreferrer\">cd<\/a><br \/>\n<strong>3 Sterne ***<br \/>\n<\/strong><a href=\"https:\/\/www.amazon.de\/gp\/customer-reviews\/R23XTRMTHR48QT\/ref=cm_cr_getr_d_rvw_ttl?ie=UTF8&amp;ASIN=B01D7XLY92\">Lesemonster<\/a><br \/>\n<a href=\"https:\/\/www.amazon.de\/gp\/customer-reviews\/R1250UQ3CQMVCG\" target=\"_blank\" rel=\"noopener noreferrer\">Weltbuntmalendeb\u00fccher<\/a><\/p>\n","protected":false},"excerpt":{"rendered":"<p>*** Termine \/ Lesungen *** BuCon 2023, 21. Oktober 2023, 17:30 Uhr, B\u00fcrgerhaus Sprendlingen, Dreieich, Hinterausgang C2 &#8211; Lesung: Grenzg\u00e4nger &#8211; Schattengrenzen 3 QUEER gelesen 2023, 25. November 2023, Bar jeder Sicht, Hintere Bleiche 29, 55116 Mainz &#8211; Lesung: Anthologie &#8220;Beweisst\u00fcck A&#8221; und &#8220;Grenzg\u00e4nger&#8221; Weihnerdsmarkt, 03. Dezember 2023, Hermann-Neuberger-Halle, Stadionstra\u00dfe, 66333 V\u00f6lklingen &#8211; Lesung: Wie&#8230;<\/p>\n","protected":false},"author":1,"featured_media":234,"parent":0,"menu_order":5,"comment_status":"closed","ping_status":"closed","template":"","meta":{"footnotes":""},"class_list":["post-1196","page","type-page","status-publish","has-post-thumbnail","hentry"],"jetpack_sharing_enabled":true,"_links":{"self":[{"href":"https:\/\/www.schattengrenzen.de\/index.php?rest_route=\/wp\/v2\/pages\/1196","targetHints":{"allow":["GET"]}}],"collection":[{"href":"https:\/\/www.schattengrenzen.de\/index.php?rest_route=\/wp\/v2\/pages"}],"about":[{"href":"https:\/\/www.schattengrenzen.de\/index.php?rest_route=\/wp\/v2\/types\/page"}],"author":[{"embeddable":true,"href":"https:\/\/www.schattengrenzen.de\/index.php?rest_route=\/wp\/v2\/users\/1"}],"replies":[{"embeddable":true,"href":"https:\/\/www.schattengrenzen.de\/index.php?rest_route=%2Fwp%2Fv2%2Fcomments&post=1196"}],"version-history":[{"count":11,"href":"https:\/\/www.schattengrenzen.de\/index.php?rest_route=\/wp\/v2\/pages\/1196\/revisions"}],"predecessor-version":[{"id":1705,"href":"https:\/\/www.schattengrenzen.de\/index.php?rest_route=\/wp\/v2\/pages\/1196\/revisions\/1705"}],"wp:featuredmedia":[{"embeddable":true,"href":"https:\/\/www.schattengrenzen.de\/index.php?rest_route=\/wp\/v2\/media\/234"}],"wp:attachment":[{"href":"https:\/\/www.schattengrenzen.de\/index.php?rest_route=%2Fwp%2Fv2%2Fmedia&parent=1196"}],"curies":[{"name":"wp","href":"https:\/\/api.w.org\/{rel}","templated":true}]}}