{"id":1166,"date":"2018-03-30T16:11:41","date_gmt":"2018-03-30T16:11:41","guid":{"rendered":"http:\/\/blog.schattengrenzen.de\/?page_id=1166"},"modified":"2023-01-29T15:10:01","modified_gmt":"2023-01-29T15:10:01","slug":"das-gewicht-einer-seele","status":"publish","type":"page","link":"https:\/\/www.schattengrenzen.de\/?page_id=1166","title":{"rendered":"Maschinenseele"},"content":{"rendered":"<p>Die Steampunk-Reihe dreht sich um die Wissenschaftlerin Anabelle Talleyrand und ihre Partnerin, die angolanische Magierin Madame Zaida. Beide werden von Inspector Hailey bei F\u00e4llen hinzugezogen, die ins Unheimliche, Unerkl\u00e4rliche gehen, und die weitestgehend ohne \u00f6ffentliches Aufsehen gekl\u00e4rt werden m\u00fcssen. Zwischen Anabelle und Hailey besteht eine nat\u00fcrliche Abneigung, die sie nur zugunsten der Ermittlungsarbeiten unterdr\u00fccken, denn beiden geht es um die Gunst der sch\u00f6nen, farbigen Zaida.<\/p>\n<figure id=\"attachment_1435\" aria-describedby=\"caption-attachment-1435\" style=\"width: 202px\" class=\"wp-caption alignleft\"><img loading=\"lazy\" decoding=\"async\" class=\"size-medium wp-image-1435\" src=\"https:\/\/www.schattengrenzen.de\/wp-content\/uploads\/2020\/02\/cover-202x300.jpg\" alt=\"\" width=\"202\" height=\"300\" srcset=\"https:\/\/www.schattengrenzen.de\/wp-content\/uploads\/2020\/02\/cover-202x300.jpg 202w, https:\/\/www.schattengrenzen.de\/wp-content\/uploads\/2020\/02\/cover-600x893.jpg 600w, https:\/\/www.schattengrenzen.de\/wp-content\/uploads\/2020\/02\/cover-688x1024.jpg 688w, https:\/\/www.schattengrenzen.de\/wp-content\/uploads\/2020\/02\/cover-768x1143.jpg 768w, https:\/\/www.schattengrenzen.de\/wp-content\/uploads\/2020\/02\/cover-1032x1536.jpg 1032w, https:\/\/www.schattengrenzen.de\/wp-content\/uploads\/2020\/02\/cover-1376x2048.jpg 1376w, https:\/\/www.schattengrenzen.de\/wp-content\/uploads\/2020\/02\/cover.jpg 1478w\" sizes=\"auto, (max-width: 202px) 100vw, 202px\" \/><figcaption id=\"caption-attachment-1435\" class=\"wp-caption-text\">Coverdesign: Manuela Ancutici<\/figcaption><\/figure>\n<p><strong>Klappentext: <\/strong>Ein eisiger Winter h\u00e4lt London fest im Griff. Die Temperaturen fallen stetig, Erfrierungsopfer stehen auf der Tagesordnung. Doch die Leiche, die Anabelle in Augenschein nehmen soll, sieht aus, als sei sie zu Tode erschreckt worden. Blankes Entsetzen steht ihr ins Gesicht geschrieben. Als Anabelle von einem k\u00f6rperlosen Gesch\u00f6pf aus Wind und Eis angegriffen wird und die Tote sich erhebt, ist klar: Hier geht etwas nicht mit rechten Dingen zu. Zusammen mit ihrer Freundin Zaida, einer begabten Magierin, geht sie den mysteri\u00f6sen Vorkommnissen auf den Grund und st\u00f6\u00dft dabei auf eine alte Sagengestalt aus Russland.<\/p>\n<p>Das Buch beinhaltet eine Sammlung aller Geschichten um die Wissenschaftlerin Anabelle Talleyrand, ihre Gef\u00e4hrtin, die angolanische Magierin Madame Zaida und die stumme, &#8220;eiskalte&#8221; Gr\u00e4fin Jewa Petrowna:<\/p>\n<p>&#8211; Rauhnacht<br \/>\n&#8211; Eispalast<br \/>\n&#8211; Ruf der Sterne<br \/>\n&#8211; Raben<br \/>\n&#8211; W\u00e4rme mein Herz<\/p>\n<div class=\"page-content\">\n<article class=\"col-md-12 item-page\">Genre: Steampunk-Krimi, Lesbian, Romance<br \/>\nZielgruppe: ab 16 Jahren<br \/>\nErscheinungstermin: 02.02.2020<\/article>\n<article>Verlag: Selbstverlag<\/article>\n<article><\/article>\n<article class=\"col-md-12 item-page\"><strong><img loading=\"lazy\" decoding=\"async\" class=\"alignleft size-medium wp-image-1167\" src=\"https:\/\/www.schattengrenzen.de\/wp-content\/uploads\/2018\/03\/Rauhnacht-Cover-188x300.jpg\" alt=\"\" width=\"188\" height=\"300\" srcset=\"https:\/\/www.schattengrenzen.de\/wp-content\/uploads\/2018\/03\/Rauhnacht-Cover-188x300.jpg 188w, https:\/\/www.schattengrenzen.de\/wp-content\/uploads\/2018\/03\/Rauhnacht-Cover.jpg 600w\" sizes=\"auto, (max-width: 188px) 100vw, 188px\" \/>Klappentext: <\/strong>Ein eisiger Winter h\u00e4lt London fest im Griff. Die Temperaturen fallen stetig, Erfrierungsopfer stehen auf der Tagesordnung. Doch die Leiche, die Anabelle in Augenschein nehmen soll, sieht aus, als sei sie zu Tode erschreckt worden. Blankes Entsetzen steht ihr ins Gesicht geschrieben. Als Anabelle von einem k\u00f6rperlosen Gesch\u00f6pf aus Wind und Eis angegriffen wird und die Tote sich erhebt, ist klar: Hier geht etwas nicht mit rechten Dingen zu. Zusammen mit ihrer Freundin Zaida, einer begabten Magierin, geht sie den mysteri\u00f6sen Vorkommnissen auf den Grund und st\u00f6\u00dft dabei auf eine alte Sagengestalt aus Russland.<\/article>\n<\/div>\n<article><\/article>\n<article><strong>Dieses Buch ist nicht mehr erh\u00e4ltlich und findet sich in &#8220;Maschinenseele&#8221; wieder!<\/strong><\/article>\n<article><\/article>\n<article><\/article>\n<div class=\"page-content\">\n<article><\/article>\n<article class=\"col-md-12 item-page\">Genre: Steampunk-Krimi, Lesbian, Romance<br \/>\nZielgruppe: ab 16 Jahren<br \/>\nErscheinungstermin: November 2014<br \/>\nVerlag: <a href=\"http:\/\/weltenschmiedeverlag.de\/\">Weltenschmiede<\/a>Der Anschlussband besteht bereits zur H\u00e4lfte und stellt weitere Charaktere vor, muss aber beendet und vor Ver\u00f6ffentlichung \u00fcberarbeitet werden.<\/p>\n<\/article>\n<div class=\"col-md-3 byblos-sidebar\">\n<div id=\"secondary\" class=\"widget-area\" role=\"complementary\"><\/div>\n<\/div>\n<div class=\"clear\"><\/div>\n<\/div>\n<footer id=\"colophon\" class=\"site-footer\" role=\"contentinfo\">\n<div class=\"footer-boxes\">\n<div class=\"\"><\/div>\n<\/div>\n<\/footer>\n","protected":false},"excerpt":{"rendered":"<p>Die Steampunk-Reihe dreht sich um die Wissenschaftlerin Anabelle Talleyrand und ihre Partnerin, die angolanische Magierin Madame Zaida. Beide werden von Inspector Hailey bei F\u00e4llen hinzugezogen, die ins Unheimliche, Unerkl\u00e4rliche gehen, und die weitestgehend ohne \u00f6ffentliches Aufsehen gekl\u00e4rt werden m\u00fcssen. Zwischen Anabelle und Hailey besteht eine nat\u00fcrliche Abneigung, die sie nur zugunsten der Ermittlungsarbeiten unterdr\u00fccken, denn&#8230;<\/p>\n","protected":false},"author":1,"featured_media":0,"parent":1096,"menu_order":4,"comment_status":"closed","ping_status":"closed","template":"","meta":{"footnotes":""},"class_list":["post-1166","page","type-page","status-publish","hentry"],"jetpack_sharing_enabled":true,"_links":{"self":[{"href":"https:\/\/www.schattengrenzen.de\/index.php?rest_route=\/wp\/v2\/pages\/1166","targetHints":{"allow":["GET"]}}],"collection":[{"href":"https:\/\/www.schattengrenzen.de\/index.php?rest_route=\/wp\/v2\/pages"}],"about":[{"href":"https:\/\/www.schattengrenzen.de\/index.php?rest_route=\/wp\/v2\/types\/page"}],"author":[{"embeddable":true,"href":"https:\/\/www.schattengrenzen.de\/index.php?rest_route=\/wp\/v2\/users\/1"}],"replies":[{"embeddable":true,"href":"https:\/\/www.schattengrenzen.de\/index.php?rest_route=%2Fwp%2Fv2%2Fcomments&post=1166"}],"version-history":[{"count":4,"href":"https:\/\/www.schattengrenzen.de\/index.php?rest_route=\/wp\/v2\/pages\/1166\/revisions"}],"predecessor-version":[{"id":1655,"href":"https:\/\/www.schattengrenzen.de\/index.php?rest_route=\/wp\/v2\/pages\/1166\/revisions\/1655"}],"up":[{"embeddable":true,"href":"https:\/\/www.schattengrenzen.de\/index.php?rest_route=\/wp\/v2\/pages\/1096"}],"wp:attachment":[{"href":"https:\/\/www.schattengrenzen.de\/index.php?rest_route=%2Fwp%2Fv2%2Fmedia&parent=1166"}],"curies":[{"name":"wp","href":"https:\/\/api.w.org\/{rel}","templated":true}]}}