{"id":1107,"date":"2018-03-30T12:42:15","date_gmt":"2018-03-30T12:42:15","guid":{"rendered":"http:\/\/blog.schattengrenzen.de\/?page_id=1107"},"modified":"2020-04-10T16:03:18","modified_gmt":"2020-04-10T16:03:18","slug":"datenschutz","status":"publish","type":"page","link":"https:\/\/www.schattengrenzen.de\/?page_id=1107","title":{"rendered":"Datenschutz"},"content":{"rendered":"<div class=\"\">\n<p>Im Folgenden informieren wir Sie \u00fcber den Umgang mit Ihren personenbezogenen Daten bei Nutzung unserer Website. Personenbezogene Daten sind hierbei alle Daten, mit denen Sie pers\u00f6nlich identifiziert werden k\u00f6nnen.<\/p>\n<p><strong>(1) Information \u00fcber die Erhebung personenbezogener Daten und Kontaktdaten des Verantwortlichen<\/strong><\/p>\n<p>(1.1) Verantwortlicher f\u00fcr die Datenverarbeitung auf dieser Website im Sinne der Datenschutz-Grundverordnung (DSGVO) ist<br \/>\nTanja Meurer<br \/>\nZietenring 12<br \/>\n65195 Wiesbaden<br \/>\nE-Mail lysander1330@yahoo.de<br \/>\nDer f\u00fcr die Verarbeitung von personenbezogenen Daten Verantwortliche ist diejenige nat\u00fcrliche oder juristische Person, die allein oder gemeinsam mit anderen \u00fcber die Zwecke und Mittel der Verarbeitung von personenbezogenen Daten entscheidet.<\/p>\n<p>(1.2) Diese Website nutzt aus Sicherheitsgr\u00fcnden und zum Schutz der \u00dcbertragung personenbezogene Daten und anderer vertraulicher Inhalte (z.B. Bestellungen oder Anfragen an den Verantwortlichen) eine SSL-bzw. TLS-Verschl\u00fcsselung. Sie k\u00f6nnen eine verschl\u00fcsselte Verbindung an der Zeichenfolge \u201ehttps:\/\/\u201c und dem Schloss-Symbol in Ihrer Browserzeile erkennen.<\/p>\n<p><strong>(2) Datenerfassung beim Besuch unserer Website<\/strong><\/p>\n<p>Bei der blo\u00df informatorischen Nutzung unserer Website, also wenn Sie sich nicht registrieren oder uns anderweitig Informationen \u00fcbermitteln, erheben wir nur solche Daten, die Ihr Browser an unseren Server \u00fcbermittelt (sog. \u201eServer-Logfiles\u201c). Wenn Sie unsere Website aufrufen, erheben wir die folgenden Daten, die f\u00fcr uns technisch erforderlich sind, um Ihnen die Website anzuzeigen:<br \/>\nUnsere besuchte Website<br \/>\nDatum und Uhrzeit zum Zeitpunkt des Zugriffes<br \/>\nMenge der gesendeten Daten in Byte<br \/>\nQuelle\/Verweis, von welchem Sie auf die Seite gelangten<br \/>\nVerwendeter Browser<br \/>\nVerwendetes Betriebssystem<br \/>\nVerwendete IP-Adresse (ggf. in anonymisierter Form)<\/p>\n<p>Die Verarbeitung erfolgt gem\u00e4\u00df Art. 6 Abs. 1 lit. f DSGVO auf Basis unseres berechtigten Interesses an der Verbesserung der Stabilit\u00e4t und Funktionalit\u00e4t unserer Website. Eine Weitergabe oder anderweitige Verwendung der Daten findet nicht statt. Wir behalten uns allerdings vor, die Server-Logfiles nachtr\u00e4glich zu \u00fcberpr\u00fcfen, sollten konkrete Anhaltspunkte auf eine rechtswidrige Nutzung hinweisen.<\/p>\n<p><em>(2.1) Kommentare und Beitr\u00e4ge<\/em><\/p>\n<p>Wenn Nutzer Kommentare im Blog oder sonstige Beitr\u00e4ge hinterlassen, werden ihre IP-Adressen gespeichert. Das erfolgt zur Sicherheit des Anbieters, falls jemand in Kommentaren und Beitr\u00e4gen widerrechtliche Inhalte schreibt (Beleidigungen, verbotene politische Propaganda, etc.). In diesem Fall kann der Anbieter selbst f\u00fcr den Kommentar oder Beitrag belangt werden und ist daher an der Identit\u00e4t des Verfassers interessiert.<\/p>\n<p><em>(2.2) Kommentarabonnements<\/em><\/p>\n<p>Die Nachfolgekommentare k\u00f6nnen durch Nutzer abonniert werden. Die Nutzer erhalten eine Best\u00e4tigungsemail, um zu \u00fcberpr\u00fcfen, ob sie der Inhaber der eingegebenen Emailadresse sind. Nutzer k\u00f6nnen laufende Kommentarabonnements jederzeit abbestellen. Die Best\u00e4tigungsemail wird Hinweise dazu enthalten.<\/p>\n<p><em>(2.3) Einbindung von Diensten und Inhalten Dritter<\/em><\/p>\n<p>Es kann vorkommen, dass innerhalb dieses Onlineangebotes Inhalte Dritter, wie zum Beispiel Videos von YouTube, Kartenmaterial von Google-Maps, RSS-Feeds oder Grafiken von anderen Webseiten eingebunden werden. Dies setzt immer voraus, dass die Anbieter dieser Inhalte (nachfolgend bezeichnet als &#8220;Dritt-Anbieter&#8221;) die IP-Adresse der Nutzer wahr nehmen. Denn ohne die IP-Adresse, k\u00f6nnten sie die Inhalte nicht an den Browser des jeweiligen Nutzers senden. Die IP-Adresse ist damit f\u00fcr die Darstellung dieser Inhalte erforderlich. Wir bem\u00fchen uns nur solche Inhalte zu verwenden, deren jeweilige Anbieter die IP-Adresse lediglich zur Auslieferung der Inhalte verwenden. Jedoch haben wir keinen Einfluss darauf, falls die Dritt-Anbieter die IP-Adresse z.B. f\u00fcr statistische Zwecke speichern. Soweit dies uns bekannt ist, kl\u00e4ren wir die Nutzer dar\u00fcber auf.<\/p>\n<p><strong>(3) Cookies<\/strong><\/p>\n<p>Um den Besuch unserer Website attraktiv zu gestalten und die Nutzung bestimmter Funktionen zu erm\u00f6glichen, verwenden wir auf verschiedenen Seiten sogenannte Cookies. Hierbei handelt es sich um kleine Textdateien, die auf Ihrem Endger\u00e4t abgelegt werden. Einige der von uns verwendeten Cookies werden nach dem Ende der Browser-Sitzung, also nach Schlie\u00dfen Ihres Browsers, wieder gel\u00f6scht (sog. Sitzungs-Cookies). Andere Cookies verbleiben auf Ihrem Endger\u00e4t und erm\u00f6glichen uns oder unseren Partnerunternehmen (Cookies von Drittanbietern), Ihren Browser beim n\u00e4chsten Besuch wiederzuerkennen (persistente Cookies). Werden Cookies gesetzt, erheben und verarbeiten diese im individuellen Umfang bestimmte Nutzerinformationen wie Browser- und Standortdaten sowie IP-Adresswerte. Persistente Cookies werden automatisiert nach einer vorgegebenen Dauer gel\u00f6scht, die sich je nach Cookie unterscheiden kann.<\/p>\n<p>Teilweise dienen die Cookies dazu, durch Speicherung von Einstellungen den Bestellprozess zu vereinfachen (z.B. Merken des Inhalts eines virtuellen Warenkorbs f\u00fcr einen sp\u00e4teren Besuch auf der Website). Sofern durch einzelne von uns implementierte Cookies auch personenbezogene Daten verarbeitet werden, erfolgt die Verarbeitung gem\u00e4\u00df Art. 6 Abs. 1 lit. b DSGVO entweder zur Durchf\u00fchrung des Vertrages oder gem\u00e4\u00df Art. 6 Abs. 1 lit. f DSGVO zur Wahrung unserer berechtigten Interessen an der bestm\u00f6glichen Funktionalit\u00e4t der Website sowie einer kundenfreundlichen und effektiven Ausgestaltung des Seitenbesuchs.<\/p>\n<p>Wir arbeiten unter Umst\u00e4nden mit Werbepartnern zusammen, die uns helfen, unser Internetangebot f\u00fcr Sie interessanter zu gestalten. Zu diesem Zweck werden f\u00fcr diesen Fall bei Ihrem Besuch unserer Website auch Cookies von Partnerunternehmen auf Ihrer Festplatte gespeichert (Cookies von Drittanbietern). Wenn wir mit vorbenannten Werbepartnern zusammenarbeiten, werden Sie \u00fcber den Einsatz derartiger Cookies und den Umfang der jeweils erhobenen Informationen innerhalb der nachstehenden Abs\u00e4tze individuell und gesondert informiert.<\/p>\n<p>Bitte beachten Sie, dass Sie Ihren Browser so einstellen k\u00f6nnen, dass Sie \u00fcber das Setzen von Cookies informiert werden und einzeln \u00fcber deren Annahme entscheiden oder die Annahme von Cookies f\u00fcr bestimmte F\u00e4lle oder generell ausschlie\u00dfen k\u00f6nnen. Jeder Browser unterscheidet sich in der Art, wie er die Cookie-Einstellungen verwaltet. Diese ist in dem Hilfemen\u00fc jedes Browsers beschrieben, welches Ihnen erl\u00e4utert, wie Sie Ihre Cookie-Einstellungen \u00e4ndern k\u00f6nnen. Diese finden Sie f\u00fcr die jeweiligen Browser unter den folgenden Links:<br \/>\nInternet Explorer: <a href=\"https:\/\/support.microsoft.com\/de-de\/help\/17442\/windows-internet-explorer-delete-manage-cookies\" target=\"_blank\" rel=\"noopener noreferrer\">https:\/\/support.microsoft.com\/de-de\/help\/17442\/windows-internet-explorer-delete-manage-cookies<\/a><br \/>\nFirefox: <a href=\"https:\/\/support.mozilla.org\/de\/kb\/cookies-erlauben-und-ablehnen\" target=\"_blank\" rel=\"noopener noreferrer\">https:\/\/support.mozilla.org\/de\/kb\/cookies-erlauben-und-ablehnen<\/a><br \/>\nChrome: <a href=\"https:\/\/support.google.com\/chrome\/answer\/95647?hl=de&amp;hlrm=en\" target=\"_blank\" rel=\"noopener noreferrer\">https:\/\/support.google.com\/chrome\/answer\/95647?hl=de&amp;hlrm=en<\/a><br \/>\nSafari: <a href=\"https:\/\/support.apple.com\/kb\/ph21411?locale=de_DE\" target=\"_blank\" rel=\"noopener noreferrer\">https:\/\/support.apple.com\/kb\/ph21411?locale=de_DE<\/a><br \/>\nOpera: <a href=\"http:\/\/help.opera.com\/Windows\/10.20\/de\/cookies.html\" target=\"_blank\" rel=\"noopener noreferrer\">http:\/\/help.opera.com\/Windows\/10.20\/de\/cookies.html<\/a><\/p>\n<p>Bitte beachten Sie, dass bei Nichtannahme von Cookies die Funktionalit\u00e4t unserer Website eingeschr\u00e4nkt sein kann.<\/p>\n<p><strong>(4) Onlinepr\u00e4senzen in sozialen Medien<\/strong><\/p>\n<p>Wir unterhalten Onlinepr\u00e4senzen innerhalb sozialer Netzwerke und Plattformen, um mit den dort aktiven Kunden, Interessenten und Nutzern kommunizieren und sie dort \u00fcber unsere Leistungen informieren zu k\u00f6nnen. Beim Aufruf der jeweiligen Netzwerke und Plattformen gelten die Gesch\u00e4ftsbedingungen und die Datenverarbeitungsrichtlinien deren jeweiligen Betreiber.<\/p>\n<p>Soweit nicht anders im Rahmen unserer Datenschutzerkl\u00e4rung angegeben, verarbeiten wir die Daten der Nutzer sofern diese mit uns innerhalb der sozialen Netzwerke und Plattformen kommunizieren, z.B. Beitr\u00e4ge auf unseren Onlinepr\u00e4senzen verfassen oder uns Nachrichten zusenden.<\/p>\n<p><strong>(5) Kontaktaufnahme<\/strong><\/p>\n<p>Im Rahmen der Kontaktaufnahme mit uns (z.B. per Kontaktformular oder E-Mail) werden personenbezogene Daten erhoben. Welche Daten im Falle eines Kontaktformulars erhoben werden, ist aus dem jeweiligen Kontaktformular ersichtlich. Diese Daten werden ausschlie\u00dflich zum Zweck der Beantwortung Ihres Anliegens bzw. f\u00fcr die Kontaktaufnahme und die damit verbundene technische Administration gespeichert und verwendet. Rechtsgrundlage f\u00fcr die Verarbeitung der Daten ist unser berechtigtes Interesse an der Beantwortung Ihres Anliegens gem\u00e4\u00df Art. 6 Abs. 1 lit. f DSGVO. Zielt Ihre Kontaktierung auf den Abschluss eines Vertrages ab, so ist zus\u00e4tzliche Rechtsgrundlage f\u00fcr die Verarbeitung Art. 6 Abs. 1 lit. b DSGVO. Ihre Daten werden nach abschlie\u00dfender Bearbeitung Ihrer Anfrage gel\u00f6scht, dies ist der Fall, wenn sich aus den Umst\u00e4nden entnehmen l\u00e4sst, dass der betroffene Sachverhalt abschlie\u00dfend gekl\u00e4rt ist und sofern keine gesetzlichen Aufbewahrungspflichten entgegenstehen.<br \/>\nWir behalten uns vor, Leserbriefe in einem daf\u00fcr vorgesehenen, nicht \u00f6ffentlich zug\u00e4nglichen Ordner zu archivieren. Aus diesen Leserbriefen hervorgehende Kontakt- und sonstige Daten werden nicht weiter erfasst und verwendet.<\/p>\n<p><strong>(6) Datenverarbeitung bei Er\u00f6ffnung eines Kundenkontos und zur Vertragsabwicklung<\/strong><\/p>\n<p>Gem\u00e4\u00df Art. 6 Abs. 1 lit. b DSGVO werden personenbezogene Daten weiterhin erhoben und verarbeitet, wenn Sie uns diese zur Durchf\u00fchrung eines Vertrages oder bei der Er\u00f6ffnung eines Kundenkontos mitteilen. Welche Daten erhoben werden, ist aus den jeweiligen Eingabeformularen ersichtlich. Eine L\u00f6schung Ihres Kundenkontos ist jederzeit m\u00f6glich und kann durch eine Nachricht an die o.g. Adresse des Verantwortlichen erfolgen. Wir speichern und verwenden die von Ihnen mitgeteilten Daten zur Vertragsabwicklung. Nach vollst\u00e4ndiger Abwicklung des Vertrages oder L\u00f6schung Ihres Kundenkontos werden Ihre Daten mit R\u00fccksicht auf steuer- und handelsrechtliche Aufbewahrungsfristen gesperrt und nach Ablauf dieser Fristen gel\u00f6scht, sofern Sie nicht ausdr\u00fccklich in eine weitere Nutzung Ihrer Daten eingewilligt haben oder eine gesetzlich erlaubte weitere Datenverwendung von unserer Seite vorbehalten wurde, \u00fcber die wir Sie nachstehend entsprechend informieren.<\/p>\n<p><strong>(7) Datenverarbeitung zur Bestellabwicklung<\/strong><\/p>\n<p>(7.1) Zur Abwicklung Ihrer Bestellung arbeiten wir mit dem \/ den nachstehenden Dienstleistern zusammen, die uns ganz oder teilweise bei der Durchf\u00fchrung geschlossener Vertr\u00e4ge unterst\u00fctzen. An diese Dienstleister werden nach Ma\u00dfgabe der folgenden Informationen gewisse personenbezogene Daten \u00fcbermittelt.<\/p>\n<p>Die von uns erhobenen personenbezogenen Daten werden im Rahmen der Vertragsabwicklung an das mit der Lieferung beauftragte Transportunternehmen weitergegeben, soweit dies zur Lieferung der Ware erforderlich ist. Ihre Zahlungsdaten geben wir im Rahmen der Zahlungsabwicklung an das beauftragte Kreditinstitut weiter, sofern dies f\u00fcr die Zahlungsabwicklung erforderlich ist. Sofern Zahlungsdienstleister eingesetzt werden, informieren wir hier\u00fcber nachstehend explizit. Die Rechtsgrundlage f\u00fcr die Weitergabe der Daten ist hierbei Art. 6 Abs. 1 lit. b DSGVO.<\/p>\n<p>(7.2) Wir bieten die Verwendung des Paymentdienstleisters (Zahlungsdienstleisters) Paypal an.<br \/>\nBei Zahlung via PayPal, Kreditkarte via PayPal, Lastschrift via PayPal oder \u2013 falls angeboten \u2013 \u201eKauf auf Rechnung\u201c oder \u201eRatenzahlung\u201c via PayPal geben wir Ihre Zahlungsdaten im Rahmen der Zahlungsabwicklung an die PayPal (Europe) S.a.r.l. et Cie, S.C.A., 22-24 Boulevard Royal, L-2449 Luxembourg (nachfolgend \u201ePayPal\u201c), weiter. Die Weitergabe erfolgt gem\u00e4\u00df Art. 6 Abs. 1 lit. b DSGVO und nur insoweit, als dies f\u00fcr die Zahlungsabwicklung erforderlich ist.<\/p>\n<p>PayPal beh\u00e4lt sich f\u00fcr die Zahlungsmethoden Kreditkarte via PayPal, Lastschrift via PayPal oder \u2013 falls angeboten \u2013 \u201eKauf auf Rechnung\u201c oder \u201eRatenzahlung\u201c via PayPal die Durchf\u00fchrung einer Bonit\u00e4tsauskunft vor. Hierf\u00fcr werden Ihre Zahlungsdaten gegebenenfalls gem\u00e4\u00df Art. 6 Abs. 1 lit. f DSGVO auf Basis des berechtigten Interesses von PayPal an der Feststellung Ihrer Zahlungsf\u00e4higkeit an Auskunfteien weitergegeben. Das Ergebnis der Bonit\u00e4tspr\u00fcfung in Bezug auf die statistische Zahlungsausfallwahrscheinlichkeit verwendet PayPal zum Zwecke der Entscheidung \u00fcber die Bereitstellung der jeweiligen Zahlungsmethode. Die Bonit\u00e4tsauskunft kann Wahrscheinlichkeitswerte enthalten (sog. Score-Werte). Soweit Score-Werte in das Ergebnis der Bonit\u00e4tsauskunft einflie\u00dfen, haben diese ihre Grundlage in einem wissenschaftlich anerkannten mathematisch-statistischen Verfahren. In die Berechnung der Score-Werte flie\u00dfen unter anderem, aber nicht ausschlie\u00dflich, Anschriftendaten ein. Weitere datenschutzrechtliche Informationen, unter anderem zu den verwendeten Auskunfteien, entnehmen Sie bitte der Datenschutzerkl\u00e4rung von PayPal: <a href=\"https:\/\/www.paypal.com\/de\/webapps\/mpp\/ua\/privacy-full\" target=\"_blank\" rel=\"noopener noreferrer\">https:\/\/www.paypal.com\/de\/webapps\/mpp\/ua\/privacy-full<\/a><br \/>\nSie k\u00f6nnen dieser Verarbeitung Ihrer Daten jederzeit durch eine Nachricht an PayPal widersprechen. Jedoch bleibt PayPal ggf. weiterhin berechtigt, Ihre personenbezogenen Daten zu verarbeiten, sofern dies zur vertragsgem\u00e4\u00dfen Zahlungsabwicklung erforderlich ist.<\/p>\n<p><strong>(8) Rechte des Betroffenen<\/strong><\/p>\n<p>(8.1) Das geltende Datenschutzrecht gew\u00e4hrt Ihnen gegen\u00fcber dem Verantwortlichen hinsichtlich der Verarbeitung Ihrer personenbezogenen Daten umfassende Betroffenenrechte (Auskunfts- und Interventionsrechte), \u00fcber die wir Sie nachstehend informieren:<\/p>\n<p>\u2013 Auskunftsrecht gem\u00e4\u00df Art. 15 DSGVO: Sie haben insbesondere ein Recht auf Auskunft \u00fcber Ihre von uns verarbeiteten personenbezogenen Daten, die Verarbeitungszwecke, die Kategorien der verarbeiteten personenbezogenen Daten, die Empf\u00e4nger oder Kategorien von Empf\u00e4ngern, gegen\u00fcber denen Ihre Daten offengelegt wurden oder werden, die geplante Speicherdauer bzw. die Kriterien f\u00fcr die Festlegung der Speicherdauer, das Bestehen eines Rechts auf Berichtigung, L\u00f6schung, Einschr\u00e4nkung der Verarbeitung, Widerspruch gegen die Verarbeitung, Beschwerde bei einer Aufsichtsbeh\u00f6rde, die Herkunft Ihrer Daten, wenn diese nicht durch uns bei Ihnen erhoben wurden, das Bestehen einer automatisierten Entscheidungsfindung einschlie\u00dflich Profiling und ggf. aussagekr\u00e4ftige Informationen \u00fcber die involvierte Logik und die Sie betreffende Tragweite und die angestrebten Auswirkungen einer solchen Verarbeitung, sowie Ihr Recht auf Unterrichtung, welche Garantien gem\u00e4\u00df Art. 46 DSGVO bei Weiterleitung Ihrer Daten in Drittl\u00e4nder bestehen;<\/p>\n<p>\u2013 Recht auf Berichtigung gem\u00e4\u00df Art. 16 DSGVO: Sie haben ein Recht auf unverz\u00fcgliche Berichtigung Sie betreffender unrichtiger Daten und\/oder Vervollst\u00e4ndigung Ihrer bei uns gespeicherten unvollst\u00e4ndigen Daten;<\/p>\n<p>\u2013 Recht auf L\u00f6schung gem\u00e4\u00df Art. 17 DSGVO: Sie haben das Recht, die L\u00f6schung Ihrer personenbezogenen Daten bei Vorliegen der Voraussetzungen des Art. 17 Abs. 1 DSGVO zu verlangen. Dieses Recht besteht jedoch insbesondere dann nicht, wenn die Verarbeitung zur Aus\u00fcbung des Rechts auf freie Meinungs\u00e4u\u00dferung und Information, zur Erf\u00fcllung einer rechtlichen Verpflichtung, aus Gr\u00fcnden des \u00f6ffentlichen Interesses oder zur Geltendmachung, Aus\u00fcbung oder Verteidigung von Rechtsanspr\u00fcchen erforderlich ist;<\/p>\n<p>\u2013 Recht auf Einschr\u00e4nkung der Verarbeitung gem\u00e4\u00df Art. 18 DSGVO: Sie haben das Recht, die Einschr\u00e4nkung der Verarbeitung Ihrer personenbezogenen Daten zu verlangen, solange die von Ihnen bestrittene Richtigkeit Ihrer Daten \u00fcberpr\u00fcft wird, wenn Sie eine L\u00f6schung Ihrer Daten wegen unzul\u00e4ssiger Datenverarbeitung ablehnen und stattdessen die Einschr\u00e4nkung der Verarbeitung Ihrer Daten verlangen, wenn Sie Ihre Daten zur Geltendmachung, Aus\u00fcbung oder Verteidigung von Rechtsanspr\u00fcchen ben\u00f6tigen, nachdem wir diese Daten nach Zweckerreichung nicht mehr ben\u00f6tigen oder wenn Sie Widerspruch aus Gr\u00fcnden Ihrer besonderen Situation eingelegt haben, solange noch nicht feststeht, ob unsere berechtigten Gr\u00fcnde \u00fcberwiegen;<\/p>\n<p>\u2013 Recht auf Unterrichtung gem\u00e4\u00df Art. 19 DSGVO: Haben Sie das Recht auf Berichtigung, L\u00f6schung oder Einschr\u00e4nkung der Verarbeitung gegen\u00fcber dem Verantwortlichen geltend gemacht, ist dieser verpflichtet, allen Empf\u00e4ngern, denen die Sie betreffenden personenbezogenen Daten offengelegt wurden, diese Berichtigung oder L\u00f6schung der Daten oder Einschr\u00e4nkung der Verarbeitung mitzuteilen, es sei denn, dies erweist sich als unm\u00f6glich oder ist mit einem unverh\u00e4ltnism\u00e4\u00dfigen Aufwand verbunden. Ihnen steht das Recht zu, \u00fcber diese Empf\u00e4nger unterrichtet zu werden;<\/p>\n<p>\u2013 Recht auf Daten\u00fcbertragbarkeit gem\u00e4\u00df Art. 20 DSGVO: Sie haben das Recht, Ihre personenbezogenen Daten, die Sie uns bereitgestellt haben, in einem strukturierten, g\u00e4ngigen und maschinenlesebaren Format zu erhalten oder die \u00dcbermittlung an einen anderen Verantwortlichen zu verlangen, soweit dies technisch machbar ist;<\/p>\n<p>\u2013 Recht auf Widerruf erteilter Einwilligungen gem\u00e4\u00df Art. 7 Abs. 3 DSGVO: Sie haben das Recht, eine einmal erteilte Einwilligung in die Verarbeitung von Daten jederzeit mit Wirkung f\u00fcr die Zukunft zu widerrufen. Im Falle des Widerrufs werden wir die betroffenen Daten unverz\u00fcglich l\u00f6schen, sofern eine weitere Verarbeitung nicht auf eine Rechtsgrundlage zur einwilligungslosen Verarbeitung gest\u00fctzt werden kann. Durch den Widerruf der Einwilligung wird die Rechtm\u00e4\u00dfigkeit der aufgrund der Einwilligung bis zum Widerruf erfolgten Verarbeitung nicht ber\u00fchrt;<\/p>\n<p>\u2013 Recht auf Beschwerde gem\u00e4\u00df Art. 77 DSGVO: Wenn Sie der Ansicht sind, dass die Verarbeitung der Sie betreffenden personenbezogenen Daten gegen die DSGVO verst\u00f6\u00dft, haben Sie \u2013 unbeschadet eines anderweitigen verwaltungsrechtlichen oder gerichtlichen Rechtsbehelfs \u2013 das Recht auf Beschwerde bei einer Aufsichtsbeh\u00f6rde, insbesondere in dem Mitgliedstaat Ihres Aufenthaltsortes, Ihres Arbeitsplatzes oder des Ortes des mutma\u00dflichen Versto\u00dfes.<\/p>\n<p>(8.2) Widerspruchsrecht<br \/>\nWenn wir im Rahmen einer Interessenabw\u00e4gung Ihre personenbezogenen Daten aufgrund unseres \u00fcberwiegenden berechtigten Interesses verarbeiten, haben Sie das jederzeitige Recht, aus Gr\u00fcnden, die sich aus Ihrer besonderen Situation ergeben, gegen diese Verarbeitung Widerspruch mit Wirkung f\u00fcr die Zukunft einzulegen.<\/p>\n<p>Machen Sie von Ihrem Widerspruchsrecht Gebrauch, beenden wir die Verarbeitung der betroffenen Daten. Eine Weiterverarbeitung bleibt aber vorbehalten, wenn wir zwingende schutzw\u00fcrdige Gr\u00fcnde f\u00fcr die Verarbeitung nachweisen k\u00f6nnen, die Ihre Interessen, Grundrechte und Grundfreiheiten \u00fcberwiegen, oder wenn die Verarbeitung der Geltendmachung, Aus\u00fcbung oder Verteidigung von Rechtsanspr\u00fcchen dient.<\/p>\n<p>Werden Ihre personenbezogenen Daten von uns verarbeitet, um Direktwerbung zu betreiben, haben Sie das Recht, jederzeit Widerspruch gegen die Verarbeitung Sie betreffender personenbezogener Daten zum Zwecke derartiger Werbung einzulegen. Sie k\u00f6nnen den Widerspruch wie oben beschrieben aus\u00fcben.<\/p>\n<p>Machen Sie von Ihrem Widerspruchsrecht Gebrauch, beenden wir die Verarbeitung der betroffenen Daten zu Direktwerbezwecken.<\/p>\n<p><strong>(9) Dauer der Speicherung personenbezogener Daten<\/strong><\/p>\n<p>Die Dauer der Speicherung von personenbezogenen Daten bemisst sich anhand der jeweiligen gesetzlichen Aufbewahrungsfrist (z.B. handels- und steuerrechtliche Aufbewahrungsfristen). Nach Ablauf der Frist werden die entsprechenden Daten routinem\u00e4\u00dfig gel\u00f6scht, sofern sie nicht mehr zur Vertragserf\u00fcllung oder Vertragsanbahnung erforderlich sind und\/oder unsererseits kein berechtigtes Interesse an der Weiterspeicherung fortbesteht.<\/p>\n<\/div>\n","protected":false},"excerpt":{"rendered":"<p>Im Folgenden informieren wir Sie \u00fcber den Umgang mit Ihren personenbezogenen Daten bei Nutzung unserer Website. Personenbezogene Daten sind hierbei alle Daten, mit denen Sie pers\u00f6nlich identifiziert werden k\u00f6nnen. (1) Information \u00fcber die Erhebung personenbezogener Daten und Kontaktdaten des Verantwortlichen (1.1) Verantwortlicher f\u00fcr die Datenverarbeitung auf dieser Website im Sinne der Datenschutz-Grundverordnung (DSGVO) ist Tanja&#8230;<\/p>\n","protected":false},"author":1,"featured_media":0,"parent":0,"menu_order":3,"comment_status":"closed","ping_status":"closed","template":"","meta":{"footnotes":""},"class_list":["post-1107","page","type-page","status-publish","hentry"],"jetpack_sharing_enabled":true,"_links":{"self":[{"href":"https:\/\/www.schattengrenzen.de\/index.php?rest_route=\/wp\/v2\/pages\/1107","targetHints":{"allow":["GET"]}}],"collection":[{"href":"https:\/\/www.schattengrenzen.de\/index.php?rest_route=\/wp\/v2\/pages"}],"about":[{"href":"https:\/\/www.schattengrenzen.de\/index.php?rest_route=\/wp\/v2\/types\/page"}],"author":[{"embeddable":true,"href":"https:\/\/www.schattengrenzen.de\/index.php?rest_route=\/wp\/v2\/users\/1"}],"replies":[{"embeddable":true,"href":"https:\/\/www.schattengrenzen.de\/index.php?rest_route=%2Fwp%2Fv2%2Fcomments&post=1107"}],"version-history":[{"count":2,"href":"https:\/\/www.schattengrenzen.de\/index.php?rest_route=\/wp\/v2\/pages\/1107\/revisions"}],"predecessor-version":[{"id":1489,"href":"https:\/\/www.schattengrenzen.de\/index.php?rest_route=\/wp\/v2\/pages\/1107\/revisions\/1489"}],"wp:attachment":[{"href":"https:\/\/www.schattengrenzen.de\/index.php?rest_route=%2Fwp%2Fv2%2Fmedia&parent=1107"}],"curies":[{"name":"wp","href":"https:\/\/api.w.org\/{rel}","templated":true}]}}