{"id":1096,"date":"2018-03-30T11:28:16","date_gmt":"2018-03-30T11:28:16","guid":{"rendered":"http:\/\/blog.schattengrenzen.de\/?page_id=1096"},"modified":"2023-01-29T14:40:59","modified_gmt":"2023-01-29T14:40:59","slug":"buecher","status":"publish","type":"page","link":"https:\/\/www.schattengrenzen.de\/?page_id=1096","title":{"rendered":"B\u00fccher"},"content":{"rendered":"<p>Im Lauf der letzten Jahre sind viele sehr schr\u00e4ge, unheimliche und ungew\u00f6hnliche Ideen aus meinem Kopf in die Buchseiten gesickert. An dieser Stelle findet ihr all meine Ver\u00f6ffentlichungen.<br \/>\nMeine Grundthemen sind Kriminalistik, oft mit Gruselelementen und \u00dcbernat\u00fcrlichem, Fantasy und Steampunk. In jedem Buch findet sich eine queere Komponente, mal mehr, mal weniger erotisch, doch immer mit viel Spannung versehen. Tobt euch also aus \ud83d\ude42<\/p>\n<p>ROMANE<\/p>\n<p>Schattengrenzen (Reihe)<br \/>\nGenre: Mystery-Thriller \/ queer<br \/>\n<a href=\"https:\/\/www.amazon.de\/Glasseelen-Schattengrenzen-1-Tanja-Meurer-ebook\/dp\/B0784DS6PJ\">Glasseelen<\/a> &#8211; Edition Roter Drache (2017)<br \/>\n<a href=\"https:\/\/www.amazon.de\/Rebell-Schattengrenzen-2-Tanja-Meurer-ebook\/dp\/B07DP4WZ6R\" target=\"_blank\" rel=\"noopener noreferrer\">Der Rebell<\/a> &#8211; HOMO Littera (2018)<br \/>\n<strong>Freigeist (fast beendet)<\/strong><br \/>\n<strong>Jenseits der Hoffnung (im Lektorat bei HOMO Littera)<\/strong><br \/>\nDarkside (Arbeitstitel, in \u00dcberarbeitung)<br \/>\nFluchbeladen (Arbeitstitel, in \u00dcberarbeitung)<br \/>\nNachtzauber (in Arbeit)<br \/>\nSieben S\u00fcnden (in Arbeit)<\/p>\n<p>9mm (Reihe)<br \/>\nGenre: Gay-Krimi \/ Gay-Thriller<br \/>\n<a href=\"https:\/\/www.amazon.de\/9mm-Schwei%C3%9F-Blut-Tanja-Meurer-ebook\/dp\/B019EBKMK8\">Schwei\u00df und Blut<\/a> &#8211; Dead Soft (2015)<br \/>\nVerborgener Feind (Arbeitstitel, in Arbeit)<\/p>\n<p>Die Stadt der Maschinenmagie (Reihe)<br \/>\nGenre: Steamfantasy-Krimi \/ Gay<br \/>\n<a href=\"https:\/\/www.amazon.de\/Die-Seelenlosen-Stadt-Maschinenmagie-ebook\/dp\/B01MT6PCMS\">Die Seelenlosen<\/a> &#8211; Dead Soft (2016)<br \/>\n<strong>Die K\u00f6rperlosen &#8211; Dead Soft (2020)<\/strong><\/p>\n<p>Das Gewicht einer Seele (Reihe)<br \/>\nGenre: Steampunk-Krimi \/ Lesbian<br \/>\n<a href=\"https:\/\/www.amazon.de\/Rauhnacht-Ein-Anabelle-Talleyrand-Roman-Tanja-Meurer-ebook\/dp\/B01A167CLW\">Rauhnacht<\/a> &#8211; Weltenschmiede (2014)<br \/>\n<strong><a href=\"https:\/\/www.amazon.de\/gp\/product\/B0846RJHQL\" target=\"_blank\" rel=\"noopener noreferrer\">Maschinenseele<\/a> &#8211; Eigenverlag (2020)<\/strong><br \/>\nMord ohne Leiche (Arbeitstitel, in Arbeit)<br \/>\nRoter Staub (in Arbeit)<\/p>\n<p>Night&#8217;s End (Reihe)<br \/>\nGenre: High Fantasy Gay<br \/>\nInteredependenz (Arbeitstitel, in \u00dcberarbeitung)<br \/>\nDer Wiederg\u00e4nger (Arbeitstitel, in \u00dcberarbeitung)<\/p>\n<p>Hilflos (Arbeitstitel, in \u00dcberarbeitung)<\/p>\n<p>NOVELLEN<\/p>\n<p>Zwielicht &#8211; Papiertiger Verlag (2005)<br \/>\nGenre: Contemporary \/ Gay<\/p>\n<p>KURZGESCHICHTEN \/ ANTHOLOGIEBEITR\u00c4GE<\/p>\n<p><strong>Staub &#8211; noch in der Auswertung zu &#8220;Geschichten aus dem Keller&#8221;<\/strong><br \/>\n<strong><a href=\"https:\/\/www.amazon.de\/gp\/product\/B07PS13X1V\" target=\"_blank\" rel=\"noopener noreferrer\">Bestie<\/a> &#8211; Like a bad Dream, 2019<\/strong><br \/>\n<a href=\"https:\/\/www.amazon.de\/Mittendrin-nirgendwo-Benefiz-Anthologie-Stra%C3%9Fenkinder-V-ebook\/dp\/B075GX6V5F\">Warte, warte nur ein Weilchen<\/a> &#8211; Mittendrin &amp; Nirgendwo, 2017<br \/>\n<a href=\"https:\/\/www.amazon.de\/Like-Dream-Benefizanthologie-Juliane-Seidel-ebook\/dp\/B01MA55SFV\">Bruderliebe<\/a> &#8211; Like a Dream, 2016<br \/>\n<a href=\"https:\/\/www.amazon.de\/Geistermaschinen-Die-Steampunk-Chroniken-Stefan-Holzhauer-ebook\/dp\/B01GGS0CX4\">W\u00e4rme mein Herz<\/a> &#8211; Geistermaschinen, 2016<br \/>\n<a href=\"https:\/\/www.amazon.de\/Love-Romantische-Kurzgeschichten-gegen-Homophobie-ebook\/dp\/B014TFCH52\">Hersbt<\/a> &#8211; Love is Love, 2015<br \/>\n<a href=\"https:\/\/www.amazon.de\/Zusammen-finden-Benefiz-Anthologie-J-Walther-ebook\/dp\/B01255UN22\">Hunger<\/a> &#8211; Zusammen finden, 2015<br \/>\n<a href=\"https:\/\/www.amazon.de\/Die-K%C3%B6che-Speisekammer-Schlemmens\/dp\/3943378055\">Zucchinischlacht<\/a> &#8211; Die K\u00f6che: Die Speisekammer des Schlemmens, Ulrich Burger Verlag, 2012<br \/>\nSpuren im Schnee &#8211; Kreaturen der Nacht, Freie Redaktion XUN, 2012<br \/>\nDie Nacht in mir &#8211; Like an Dream Adventskalender, 2012<br \/>\n<a href=\"https:\/\/www.amazon.de\/Aethergarn-Die-Steampunk-Chroniken-Stefan-Holzhauer-ebook\/dp\/B00679FK2Q\">Ruf der Sterne<\/a> &#8211; Aethergarn, Steampunk-Chroniken, 2011<br \/>\n<a href=\"https:\/\/www.amazon.de\/Ley-Lines-weitere-mystische-Momente\/dp\/3981284666\">Raben<\/a> &#8211; Ley Lines, Ulrich Burger Verlag, 2011<br \/>\n<a href=\"https:\/\/www.amazon.de\/Kalt-glimmen-die-Sterne-Vampirgeschichten\/dp\/3942903008\">Der Misanthrop<\/a> &#8211; Kalt Klimmen die Sterne, Sphera-Verlag, 2009<br \/>\n<a href=\"https:\/\/www.amazon.de\/Karfunkelfeuer-magische-Momente-UlrichBurger-Verlag\/dp\/3981284615\">Drachentraum<\/a> &#8211; Karfukelfeuer, Ulrich Burger Verlag, 2009<br \/>\n<a href=\"https:\/\/www.amazon.de\/Buntes-Herbstgefl%C3%BCster-Herbstgeschichten-aus-Bl%C3%A4tterwelt\/dp\/3981284682\">Nebelsang<\/a> &#8211; Buntes Herbstgefl\u00fcster, Ulrich Burger Verlag, 2009<br \/>\nEisnacht &#8211; unver\u00f6ffentlicht, 2008<br \/>\nBlutmond &#8211; unver\u00f6ffentlicht, 2007<br \/>\nDer Todesengel &#8211; XIMAG Magazin, Vindlicht Verlag, 2005<br \/>\nGypsy &#8211; Legendens\u00e4nger 116. Machtlied, 2001<br \/>\nKurzgeschichten im Legendens\u00e4nger, 1997<\/p>\n","protected":false},"excerpt":{"rendered":"<p>Im Lauf der letzten Jahre sind viele sehr schr\u00e4ge, unheimliche und ungew\u00f6hnliche Ideen aus meinem Kopf in die Buchseiten gesickert. An dieser Stelle findet ihr all meine Ver\u00f6ffentlichungen. Meine Grundthemen sind Kriminalistik, oft mit Gruselelementen und \u00dcbernat\u00fcrlichem, Fantasy und Steampunk. In jedem Buch findet sich eine queere Komponente, mal mehr, mal weniger erotisch, doch immer&#8230;<\/p>\n","protected":false},"author":1,"featured_media":0,"parent":0,"menu_order":2,"comment_status":"closed","ping_status":"closed","template":"","meta":{"footnotes":""},"class_list":["post-1096","page","type-page","status-publish","hentry"],"jetpack_sharing_enabled":true,"_links":{"self":[{"href":"https:\/\/www.schattengrenzen.de\/index.php?rest_route=\/wp\/v2\/pages\/1096","targetHints":{"allow":["GET"]}}],"collection":[{"href":"https:\/\/www.schattengrenzen.de\/index.php?rest_route=\/wp\/v2\/pages"}],"about":[{"href":"https:\/\/www.schattengrenzen.de\/index.php?rest_route=\/wp\/v2\/types\/page"}],"author":[{"embeddable":true,"href":"https:\/\/www.schattengrenzen.de\/index.php?rest_route=\/wp\/v2\/users\/1"}],"replies":[{"embeddable":true,"href":"https:\/\/www.schattengrenzen.de\/index.php?rest_route=%2Fwp%2Fv2%2Fcomments&post=1096"}],"version-history":[{"count":7,"href":"https:\/\/www.schattengrenzen.de\/index.php?rest_route=\/wp\/v2\/pages\/1096\/revisions"}],"predecessor-version":[{"id":1449,"href":"https:\/\/www.schattengrenzen.de\/index.php?rest_route=\/wp\/v2\/pages\/1096\/revisions\/1449"}],"wp:attachment":[{"href":"https:\/\/www.schattengrenzen.de\/index.php?rest_route=%2Fwp%2Fv2%2Fmedia&parent=1096"}],"curies":[{"name":"wp","href":"https:\/\/api.w.org\/{rel}","templated":true}]}}